{"id":2325,"date":"2023-02-03T10:39:14","date_gmt":"2023-02-03T10:39:14","guid":{"rendered":"https:\/\/king-plus.com\/reference\/"},"modified":"2023-09-17T18:38:53","modified_gmt":"2023-09-17T18:38:53","slug":"references","status":"publish","type":"page","link":"https:\/\/king-plus.com\/en\/references\/","title":{"rendered":"References"},"content":{"rendered":"\t\t<div data-elementor-type=\"wp-page\" data-elementor-id=\"2325\" class=\"elementor elementor-2325 elementor-857\" data-elementor-post-type=\"page\">\n\t\t\t\t\t\t<section class=\"elementor-section elementor-top-section elementor-element elementor-element-20834f19 elementor-section-full_width elementor-section-height-default elementor-section-height-default\" data-id=\"20834f19\" data-element_type=\"section\" data-e-type=\"section\">\n\t\t\t\t\t\t<div class=\"elementor-container elementor-column-gap-default\">\n\t\t\t\t\t<div class=\"elementor-column elementor-col-100 elementor-top-column elementor-element elementor-element-e238c7d\" data-id=\"e238c7d\" data-element_type=\"column\" data-e-type=\"column\">\n\t\t\t<div class=\"elementor-widget-wrap elementor-element-populated\">\n\t\t\t\t\t\t<div class=\"elementor-element elementor-element-29878c2 elementor-widget elementor-widget-heading\" data-id=\"29878c2\" data-element_type=\"widget\" data-e-type=\"widget\" data-widget_type=\"heading.default\">\n\t\t\t\t<div class=\"elementor-widget-container\">\n\t\t\t\t\t<h2 class=\"elementor-heading-title elementor-size-default\">Who all takes our boxes...<\/h2>\t\t\t\t<\/div>\n\t\t\t\t<\/div>\n\t\t\t\t<div class=\"elementor-element elementor-element-1ea1da7d elementor-pagination-position-outside elementor-invisible elementor-widget elementor-widget-image-carousel\" data-id=\"1ea1da7d\" data-element_type=\"widget\" data-e-type=\"widget\" data-settings=\"{&quot;slides_to_show&quot;:&quot;8&quot;,&quot;lazyload&quot;:&quot;yes&quot;,&quot;pause_on_hover&quot;:&quot;no&quot;,&quot;pause_on_interaction&quot;:&quot;no&quot;,&quot;_animation&quot;:&quot;fadeInUp&quot;,&quot;autoplay_speed&quot;:3000,&quot;navigation&quot;:&quot;dots&quot;,&quot;speed&quot;:900,&quot;image_spacing_custom&quot;:{&quot;unit&quot;:&quot;px&quot;,&quot;size&quot;:40,&quot;sizes&quot;:[]},&quot;_animation_delay&quot;:400,&quot;autoplay&quot;:&quot;yes&quot;,&quot;infinite&quot;:&quot;yes&quot;,&quot;image_spacing_custom_widescreen&quot;:{&quot;unit&quot;:&quot;px&quot;,&quot;size&quot;:&quot;&quot;,&quot;sizes&quot;:[]},&quot;image_spacing_custom_laptop&quot;:{&quot;unit&quot;:&quot;px&quot;,&quot;size&quot;:&quot;&quot;,&quot;sizes&quot;:[]},&quot;image_spacing_custom_tablet_extra&quot;:{&quot;unit&quot;:&quot;px&quot;,&quot;size&quot;:&quot;&quot;,&quot;sizes&quot;:[]},&quot;image_spacing_custom_tablet&quot;:{&quot;unit&quot;:&quot;px&quot;,&quot;size&quot;:&quot;&quot;,&quot;sizes&quot;:[]},&quot;image_spacing_custom_mobile_extra&quot;:{&quot;unit&quot;:&quot;px&quot;,&quot;size&quot;:&quot;&quot;,&quot;sizes&quot;:[]},&quot;image_spacing_custom_mobile&quot;:{&quot;unit&quot;:&quot;px&quot;,&quot;size&quot;:&quot;&quot;,&quot;sizes&quot;:[]}}\" data-widget_type=\"image-carousel.default\">\n\t\t\t\t<div class=\"elementor-widget-container\">\n\t\t\t\t\t\t\t<div class=\"elementor-image-carousel-wrapper swiper\" role=\"region\" aria-roledescription=\"carousel\" aria-label=\"Image Carousel\" dir=\"rtl\">\n\t\t\t<div class=\"elementor-image-carousel swiper-wrapper\" aria-live=\"off\">\n\t\t\t\t\t\t\t\t<div class=\"swiper-slide\" role=\"group\" aria-roledescription=\"slide\" aria-label=\"1 of 20\"><figure class=\"swiper-slide-inner\"><img class=\"swiper-slide-image swiper-lazy\" data-src=\"https:\/\/king-plus.com\/wp-content\/uploads\/2023\/02\/01-Pizza-Bar.avif\" alt=\"01-Pizza-Bar\" \/><div class=\"swiper-lazy-preloader\"><\/div><\/figure><\/div><div class=\"swiper-slide\" role=\"group\" aria-roledescription=\"slide\" aria-label=\"2 of 20\"><figure class=\"swiper-slide-inner\"><img class=\"swiper-slide-image swiper-lazy\" data-src=\"https:\/\/king-plus.com\/wp-content\/uploads\/2023\/02\/02-Buck.avif\" alt=\"02-Buck\" \/><div class=\"swiper-lazy-preloader\"><\/div><\/figure><\/div><div class=\"swiper-slide\" role=\"group\" aria-roledescription=\"slide\" aria-label=\"3 of 20\"><figure class=\"swiper-slide-inner\"><img class=\"swiper-slide-image swiper-lazy\" data-src=\"https:\/\/king-plus.com\/wp-content\/uploads\/2023\/02\/03-Farmina.avif\" alt=\"03-Farmina\" \/><div class=\"swiper-lazy-preloader\"><\/div><\/figure><\/div><div class=\"swiper-slide\" role=\"group\" aria-roledescription=\"slide\" aria-label=\"4 of 20\"><figure class=\"swiper-slide-inner\"><img class=\"swiper-slide-image swiper-lazy\" data-src=\"https:\/\/king-plus.com\/wp-content\/uploads\/2023\/02\/04-SBB.avif\" alt=\"04-SBB\" \/><div class=\"swiper-lazy-preloader\"><\/div><\/figure><\/div><div class=\"swiper-slide\" role=\"group\" aria-roledescription=\"slide\" aria-label=\"5 of 20\"><figure class=\"swiper-slide-inner\"><img class=\"swiper-slide-image swiper-lazy\" data-src=\"https:\/\/king-plus.com\/wp-content\/uploads\/2023\/02\/05-Jezdic-rakija.avif\" alt=\"05-Jezdic-rakija\" \/><div class=\"swiper-lazy-preloader\"><\/div><\/figure><\/div><div class=\"swiper-slide\" role=\"group\" aria-roledescription=\"slide\" aria-label=\"6 of 20\"><figure class=\"swiper-slide-inner\"><img class=\"swiper-slide-image swiper-lazy\" data-src=\"https:\/\/king-plus.com\/wp-content\/uploads\/2023\/02\/06-MeterControl.avif\" alt=\"06-Meter&amp;Control\" \/><div class=\"swiper-lazy-preloader\"><\/div><\/figure><\/div><div class=\"swiper-slide\" role=\"group\" aria-roledescription=\"slide\" aria-label=\"7 of 20\"><figure class=\"swiper-slide-inner\"><img class=\"swiper-slide-image swiper-lazy\" data-src=\"https:\/\/king-plus.com\/wp-content\/uploads\/2023\/02\/07-DuoChem.avif\" alt=\"07-DuoChem\" \/><div class=\"swiper-lazy-preloader\"><\/div><\/figure><\/div><div class=\"swiper-slide\" role=\"group\" aria-roledescription=\"slide\" aria-label=\"8 of 20\"><figure class=\"swiper-slide-inner\"><img class=\"swiper-slide-image swiper-lazy\" data-src=\"https:\/\/king-plus.com\/wp-content\/uploads\/2023\/02\/08-ADOC.avif\" alt=\"08-ADOC\" \/><div class=\"swiper-lazy-preloader\"><\/div><\/figure><\/div><div class=\"swiper-slide\" role=\"group\" aria-roledescription=\"slide\" aria-label=\"9 of 20\"><figure class=\"swiper-slide-inner\"><img class=\"swiper-slide-image swiper-lazy\" data-src=\"https:\/\/king-plus.com\/wp-content\/uploads\/2023\/02\/09-Inopharm.avif\" alt=\"09-Inopharm\" \/><div class=\"swiper-lazy-preloader\"><\/div><\/figure><\/div><div class=\"swiper-slide\" role=\"group\" aria-roledescription=\"slide\" aria-label=\"10 of 20\"><figure class=\"swiper-slide-inner\"><img class=\"swiper-slide-image swiper-lazy\" data-src=\"https:\/\/king-plus.com\/wp-content\/uploads\/2023\/02\/10-Kuda-u-kupovinu.avif\" alt=\"10-Kuda-u-kupovinu\" \/><div class=\"swiper-lazy-preloader\"><\/div><\/figure><\/div><div class=\"swiper-slide\" role=\"group\" aria-roledescription=\"slide\" aria-label=\"11 of 20\"><figure class=\"swiper-slide-inner\"><img class=\"swiper-slide-image swiper-lazy\" data-src=\"https:\/\/king-plus.com\/wp-content\/uploads\/2023\/02\/11-Verde.avif\" alt=\"11-Verde\" \/><div class=\"swiper-lazy-preloader\"><\/div><\/figure><\/div><div class=\"swiper-slide\" role=\"group\" aria-roledescription=\"slide\" aria-label=\"12 of 20\"><figure class=\"swiper-slide-inner\"><img class=\"swiper-slide-image swiper-lazy\" data-src=\"https:\/\/king-plus.com\/wp-content\/uploads\/2023\/02\/12-Agrounik.avif\" alt=\"12-Agrounik\" \/><div class=\"swiper-lazy-preloader\"><\/div><\/figure><\/div><div class=\"swiper-slide\" role=\"group\" aria-roledescription=\"slide\" aria-label=\"13 of 20\"><figure class=\"swiper-slide-inner\"><img class=\"swiper-slide-image swiper-lazy\" data-src=\"https:\/\/king-plus.com\/wp-content\/uploads\/2023\/02\/13-Radoznali-vrabac.avif\" alt=\"13-Radoznali-vrabac\" \/><div class=\"swiper-lazy-preloader\"><\/div><\/figure><\/div><div class=\"swiper-slide\" role=\"group\" aria-roledescription=\"slide\" aria-label=\"14 of 20\"><figure class=\"swiper-slide-inner\"><img class=\"swiper-slide-image swiper-lazy\" data-src=\"https:\/\/king-plus.com\/wp-content\/uploads\/2023\/02\/14-PetKlub.avif\" alt=\"14-PetKlub\" \/><div class=\"swiper-lazy-preloader\"><\/div><\/figure><\/div><div class=\"swiper-slide\" role=\"group\" aria-roledescription=\"slide\" aria-label=\"15 of 20\"><figure class=\"swiper-slide-inner\"><img class=\"swiper-slide-image swiper-lazy\" data-src=\"https:\/\/king-plus.com\/wp-content\/uploads\/2023\/02\/15-Saljic-melemi.avif\" alt=\"15-Saljic-melemi\" \/><div class=\"swiper-lazy-preloader\"><\/div><\/figure><\/div><div class=\"swiper-slide\" role=\"group\" aria-roledescription=\"slide\" aria-label=\"16 of 20\"><figure class=\"swiper-slide-inner\"><img class=\"swiper-slide-image swiper-lazy\" data-src=\"https:\/\/king-plus.com\/wp-content\/uploads\/2023\/02\/16-Euro-ICC.avif\" alt=\"16-Euro-ICC\" \/><div class=\"swiper-lazy-preloader\"><\/div><\/figure><\/div><div class=\"swiper-slide\" role=\"group\" aria-roledescription=\"slide\" aria-label=\"17 of 20\"><figure class=\"swiper-slide-inner\"><img class=\"swiper-slide-image swiper-lazy\" data-src=\"https:\/\/king-plus.com\/wp-content\/uploads\/2023\/02\/17-Srpska-trojka.avif\" alt=\"17-Srpska-trojka\" \/><div class=\"swiper-lazy-preloader\"><\/div><\/figure><\/div><div class=\"swiper-slide\" role=\"group\" aria-roledescription=\"slide\" aria-label=\"18 of 20\"><figure class=\"swiper-slide-inner\"><img class=\"swiper-slide-image swiper-lazy\" data-src=\"https:\/\/king-plus.com\/wp-content\/uploads\/2023\/02\/18-Payten.avif\" alt=\"18-Payten\" \/><div class=\"swiper-lazy-preloader\"><\/div><\/figure><\/div><div class=\"swiper-slide\" role=\"group\" aria-roledescription=\"slide\" aria-label=\"19 of 20\"><figure class=\"swiper-slide-inner\"><img class=\"swiper-slide-image swiper-lazy\" data-src=\"https:\/\/king-plus.com\/wp-content\/uploads\/2023\/02\/19-Family-Health.avif\" alt=\"19-Family-Health\" \/><div class=\"swiper-lazy-preloader\"><\/div><\/figure><\/div><div class=\"swiper-slide\" role=\"group\" aria-roledescription=\"slide\" aria-label=\"20 of 20\"><figure class=\"swiper-slide-inner\"><img class=\"swiper-slide-image swiper-lazy\" data-src=\"https:\/\/king-plus.com\/wp-content\/uploads\/2023\/02\/20-Pizza-Hut.avif\" alt=\"20-Pizza-Hut\" \/><div class=\"swiper-lazy-preloader\"><\/div><\/figure><\/div>\t\t\t<\/div>\n\t\t\t\t\t\t\t\n\t\t\t\t\t\t\t\t\t<div class=\"swiper-pagination\"><\/div>\n\t\t\t\t\t\t\t\t\t<\/div>\n\t\t\t\t\t\t<\/div>\n\t\t\t\t<\/div>\n\t\t\t\t\t<\/div>\n\t\t<\/div>\n\t\t\t\t\t<\/div>\n\t\t<\/section>\n\t\t\t\t<section class=\"elementor-section elementor-top-section elementor-element elementor-element-c100af8 elementor-section-boxed elementor-section-height-default elementor-section-height-default\" data-id=\"c100af8\" data-element_type=\"section\" data-e-type=\"section\">\n\t\t\t\t\t\t<div class=\"elementor-container elementor-column-gap-default\">\n\t\t\t\t\t<div class=\"elementor-column elementor-col-33 elementor-top-column elementor-element elementor-element-b2e9774 elementor-invisible\" data-id=\"b2e9774\" data-element_type=\"column\" data-e-type=\"column\" data-settings=\"{&quot;animation&quot;:&quot;fadeInUp&quot;,&quot;animation_delay&quot;:600}\">\n\t\t\t<div class=\"elementor-widget-wrap elementor-element-populated\">\n\t\t\t\t\t\t<div class=\"elementor-element elementor-element-f170f0b elementor-widget elementor-widget-text-editor\" data-id=\"f170f0b\" data-element_type=\"widget\" data-e-type=\"widget\" data-widget_type=\"text-editor.default\">\n\t\t\t\t<div class=\"elementor-widget-container\">\n\t\t\t\t\t\t\t\t\t<ul>\n<li>FARMINA PET FOODS d.o.o. (Indjija)<\/li>\n<li>PIZZA BAR d.o.o. (Beograd)<\/li>\n<li>BUCK d.o.o. (Beograd)<\/li>\n<li>METER&amp;CONTROL d.o.o. (Beograd)<\/li>\n<li>SERBIA BROADBAND-SRPSKE KABLOVSKE MRE\u017dE d.o.o. (Beograd)<\/li>\n<li>DUOCHEM d.o.o. (Nova Pazova)<\/li>\n<li>PEBEKOM d.o.o. (Beograd)<\/li>\n<li>ADOC d.o.o. (Beograd)<\/li>\n<li>FRAGMAT-COR d.o.o. (\u0160id)<\/li>\n<li>AGROUNIK d.o.o. (Beograd\/Zemun)<\/li>\n<li>DA LUCA PIZZERIA d.o.o. (Beograd)<\/li>\n<li>MAGINUS d.o.o. (Beograd)<\/li>\n<li>FREZAL d.o.o. (Ruma)<\/li>\n<li>INO-PHARM d.o.o. (Beograd)<\/li>\n<li>RADIX d.o.o. (Beograd)<\/li>\n<li>KUDA U KUPOVINU d.o.o. (Beograd)<\/li>\n<li>EUROICC d.o.o. (Beograd\/Zemun)<\/li>\n<li>ALAMBIK ART d.o.o. (Beograd\/Zemun)<\/li>\n<li>CNC OBRADA d.o.o. (Veliko Ora\u0161je)<\/li>\n<li>TELSONIC d.o.o. (Ka\u0107)<\/li>\n<li>ABS-TRADE d.o.o. (Beograd\/Zemun)<\/li>\n<li>DIGITAL CREATION d.o.o. (Beograd)<\/li>\n<li>VERZAL d.o.o. (Beograd)<\/li>\n<li>RAAL SOUTH &#8211; EAST EUROPE d.o.o. (Stara Pazova)<\/li>\n<li>PAYTEN d.o.o. (Beograd)<\/li>\n<li>ENVELOPRINT d.o.o. (Nova Pazova)<\/li>\n<li>SPAJI\u0106 d.o.o. (Negotin)<\/li>\n<li>ESSILOR OPTICS d.o.o. (Beograd)<\/li>\n<li>FORTE PLUS d.o.o. (Beograd)<\/li>\n<li>MIDMEDING NOVA d.o.o. (Beograd)<\/li>\n<\/ul>\n\t\t\t\t\t\t\t\t<\/div>\n\t\t\t\t<\/div>\n\t\t\t\t\t<\/div>\n\t\t<\/div>\n\t\t\t\t<div class=\"elementor-column elementor-col-33 elementor-top-column elementor-element elementor-element-5f87d93 elementor-invisible\" data-id=\"5f87d93\" data-element_type=\"column\" data-e-type=\"column\" data-settings=\"{&quot;animation&quot;:&quot;fadeInUp&quot;,&quot;animation_delay&quot;:800}\">\n\t\t\t<div class=\"elementor-widget-wrap elementor-element-populated\">\n\t\t\t\t\t\t<div class=\"elementor-element elementor-element-6bd04c2 elementor-widget elementor-widget-text-editor\" data-id=\"6bd04c2\" data-element_type=\"widget\" data-e-type=\"widget\" data-widget_type=\"text-editor.default\">\n\t\t\t\t<div class=\"elementor-widget-container\">\n\t\t\t\t\t\t\t\t\t<ul>\n<li>KIBID d.o.o. (Beograd\/Zemun)<\/li>\n<li>GELATO BAR d.o.o. (Beograd\/Novi Beograd)<\/li>\n<li>UFAR d.o.o. (Beograd)<\/li>\n<li>SWEETFIT d.o.o. (\u0160imanovci)<\/li>\n<li>LOREN d.o.o. (Beograd)<\/li>\n<li>AJA GRAFIKA d.o.o. (Beograd)<\/li>\n<li>POPOVI\u0106 VIS d.o.o. (Sremski Karlovci)<\/li>\n<li>SRNA PLAST d.o.o. (Beograd\/Zemun)<\/li>\n<li>RADOZNALI VRABAC d.o.o. (Beograd\/Zemun)<\/li>\n<li>ALTEL d.o.o. (Beograd)<\/li>\n<li>KONELEK d.o.o. (Beograd\/Zemun)<\/li>\n<li>DESTILERIJA 3 d.o.o. (Indjija)<\/li>\n<li>OPTIMUS PHARMACEUTICALS d.o.o. (Beograd)<\/li>\n<li>GIOMAX d.o.o. (Beograd)<\/li>\n<li>MISTERA d.o.o. (Beograd)<\/li>\n<li>GLUTENNO UR SINI\u0160A PROSTRAN (Beograd)<\/li>\n<li>TOOLS &amp; BLADES d.o.o. (Stara Pazova)<\/li>\n<li>FRUITHUB d.o.o. (Beograd)<\/li>\n<li>MOKU FURNITURE d.o.o. (Beograd)<\/li>\n<li>SERVOTEH d.o.o. (Dobanovci)<\/li>\n<li>BREZINA KOVA\u010cKO BRAVARSKA RADNJA (Padina)<\/li>\n<li>BORI\u0106 d.o.o. (Topola)<\/li>\n<li>SR JUNIOR (Stara Pazova )<\/li>\n<li>GALAFARM d.o.o. (Beograd)<\/li>\n<li>VITALON d.o.o. (Novi Sad)<\/li>\n<li>THE FUN &amp; FIT COMPANY (Beograd\/Zemun)<\/li>\n<li>SLATKA TAJNA JACA d.o.o. (Vojka)<\/li>\n<li>THE ENGLISH BOOK d.o.o. (Beograd)<\/li>\n<li>DISTILLERY d.o.o. (Kumane)<\/li>\n<li>TEH-TEL d.o.o. (Beograd)<\/li>\n<\/ul>\n\t\t\t\t\t\t\t\t<\/div>\n\t\t\t\t<\/div>\n\t\t\t\t\t<\/div>\n\t\t<\/div>\n\t\t\t\t<div class=\"elementor-column elementor-col-33 elementor-top-column elementor-element elementor-element-a587f99 elementor-invisible\" data-id=\"a587f99\" data-element_type=\"column\" data-e-type=\"column\" data-settings=\"{&quot;animation&quot;:&quot;fadeInUp&quot;,&quot;animation_delay&quot;:1000}\">\n\t\t\t<div class=\"elementor-widget-wrap elementor-element-populated\">\n\t\t\t\t\t\t<div class=\"elementor-element elementor-element-d7724ad elementor-widget elementor-widget-text-editor\" data-id=\"d7724ad\" data-element_type=\"widget\" data-e-type=\"widget\" data-widget_type=\"text-editor.default\">\n\t\t\t\t<div class=\"elementor-widget-container\">\n\t\t\t\t\t\t\t\t\t<ul>\n<li>ALPLAST d.o.o. (Beograd)<\/li>\n<li>MIKRON d.o.o. (Sirig)<\/li>\n<li>IKARUS-FABRIKA ALATA I OTPRESAKA d.o.o. (Beograd)<\/li>\n<li>AGROELEMENTI d.o.o. (Novi Sad)<\/li>\n<li>UR KIKLOP VLADIMIR MARINKOVI\u0106 PR (Beograd)<\/li>\n<li>LIVET d.o.o. (Beograd)<\/li>\n<li>ENTUZIAST d.o.o. (Beograd)<\/li>\n<li>ITS KOVA\u010cEVI\u0106 d.o.o. (Indjija)<\/li>\n<li>ENERGOTRADE d.o.o. (Beograd)<\/li>\n<li>PEKARA BATA INTEGRA DRAGAN BELO\u0160 PR (Be\u010dmen)<\/li>\n<li>UNIVERZITETSKA DE\u010cJA KLINIKA TIR\u0160OVA (Beograd)<\/li>\n<li>INTERLAB EXIM d.o.o. (Beograd)<\/li>\n<li>DEMETRA-LANCI d.o.o. (Stara Pazova)<\/li>\n<li>DR.FEELGOOD d.o.o. (Beograd)<\/li>\n<li>TECHNOGREEN d.o.o. (Beograd)<\/li>\n<li>DAJENS d.o.o. (\u0160abac)<\/li>\n<li>HELPDISC d.o.o. (Beograd)<\/li>\n<li>IZOTERM-PLAMA d.o.o. (In\u0111ija)<\/li>\n<li>TELCOM d.o.o. (Beograd\/Zvezdara)<\/li>\n<li>MAYEKAWA SRB d.o.o. (Smederevo)<\/li>\n<li>EUROPLASTIC d.o.o. (Vojka)<\/li>\n<li>B.B. LINK d.o.o. (Beograd)<\/li>\n<li>POLIPLAN 1 TO 1 d.o.o. (Beograd)<\/li>\n<li>DON VITO NBGD MARKO SAVI\u0106 PR UR (Beograd)<\/li>\n<li>TREND COO d.o.o. (Beograd)<\/li>\n<li>KOKAN DV VLADIMIR KOKANOV PR (Indjija)<\/li>\n<li>ELPA d.o.o. (Pan\u010devo)<\/li>\n<li>SR \u010cELIK MALE\u010cI\u0106 MIRA PR (Stara Pazova)<\/li>\n<li>BALKANSKI CENTAR ZA MIGRACIJE I HUMANITARNE AKTIVNOSTI (Beograd)<\/li>\n<li>RADOMAN d.o.o. (Subotica)<\/li>\n<\/ul>\n\t\t\t\t\t\t\t\t<\/div>\n\t\t\t\t<\/div>\n\t\t\t\t\t<\/div>\n\t\t<\/div>\n\t\t\t\t\t<\/div>\n\t\t<\/section>\n\t\t\t\t<section class=\"elementor-section elementor-top-section elementor-element elementor-element-3d0df7bf elementor-section-boxed elementor-section-height-default elementor-section-height-default elementor-invisible\" data-id=\"3d0df7bf\" data-element_type=\"section\" data-e-type=\"section\" data-settings=\"{&quot;background_background&quot;:&quot;classic&quot;,&quot;animation&quot;:&quot;fadeInUp&quot;,&quot;animation_delay&quot;:1200}\">\n\t\t\t\t\t\t<div class=\"elementor-container elementor-column-gap-default\">\n\t\t\t\t\t<div class=\"elementor-column elementor-col-66 elementor-top-column elementor-element elementor-element-2d003c9a elementor-invisible\" data-id=\"2d003c9a\" data-element_type=\"column\" data-e-type=\"column\" data-settings=\"{&quot;animation&quot;:&quot;fadeIn&quot;}\">\n\t\t\t<div class=\"elementor-widget-wrap elementor-element-populated\">\n\t\t\t\t\t\t<div class=\"elementor-element elementor-element-6ffe915f elementor-invisible elementor-widget elementor-widget-heading\" data-id=\"6ffe915f\" data-element_type=\"widget\" data-e-type=\"widget\" data-settings=\"{&quot;_animation&quot;:&quot;fadeIn&quot;}\" data-widget_type=\"heading.default\">\n\t\t\t\t<div class=\"elementor-widget-container\">\n\t\t\t\t\t<h3 class=\"elementor-heading-title elementor-size-default\">If you have any questions about our products and services, our team is at your disposal.<\/h3>\t\t\t\t<\/div>\n\t\t\t\t<\/div>\n\t\t\t\t\t<\/div>\n\t\t<\/div>\n\t\t\t\t<div class=\"elementor-column elementor-col-33 elementor-top-column elementor-element elementor-element-1350758 elementor-invisible\" data-id=\"1350758\" data-element_type=\"column\" data-e-type=\"column\" data-settings=\"{&quot;animation&quot;:&quot;fadeIn&quot;,&quot;animation_delay&quot;:200}\">\n\t\t\t<div class=\"elementor-widget-wrap elementor-element-populated\">\n\t\t\t\t\t\t<div class=\"elementor-element elementor-element-185cb1e8 elementor-button-info elementor-align-center elementor-invisible elementor-widget elementor-widget-button\" data-id=\"185cb1e8\" data-element_type=\"widget\" data-e-type=\"widget\" data-settings=\"{&quot;_animation&quot;:&quot;fadeIn&quot;}\" data-widget_type=\"button.default\">\n\t\t\t\t<div class=\"elementor-widget-container\">\n\t\t\t\t\t\t\t\t\t<div class=\"elementor-button-wrapper\">\n\t\t\t\t\t<a class=\"elementor-button elementor-button-link elementor-size-lg elementor-animation-shrink\" href=\"\/contact\/\">\n\t\t\t\t\t\t<span class=\"elementor-button-content-wrapper\">\n\t\t\t\t\t\t\t\t\t<span class=\"elementor-button-text\">Contact Us<\/span>\n\t\t\t\t\t<\/span>\n\t\t\t\t\t<\/a>\n\t\t\t\t<\/div>\n\t\t\t\t\t\t\t\t<\/div>\n\t\t\t\t<\/div>\n\t\t\t\t\t<\/div>\n\t\t<\/div>\n\t\t\t\t\t<\/div>\n\t\t<\/section>\n\t\t\t\t<\/div>\n\t\t","protected":false},"excerpt":{"rendered":"<p>Who all takes our boxes&#8230; FARMINA PET FOODS d.o.o. (Indjija) PIZZA BAR d.o.o. (Beograd) BUCK d.o.o. (Beograd) METER&amp;CONTROL d.o.o. (Beograd) SERBIA BROADBAND-SRPSKE KABLOVSKE MRE\u017dE d.o.o. (Beograd) DUOCHEM d.o.o. (Nova Pazova) PEBEKOM d.o.o. (Beograd) ADOC d.o.o. (Beograd) FRAGMAT-COR d.o.o. (\u0160id) AGROUNIK d.o.o. (Beograd\/Zemun) DA LUCA PIZZERIA d.o.o. (Beograd) MAGINUS d.o.o. (Beograd) FREZAL d.o.o. (Ruma) INO-PHARM d.o.o. [&hellip;]<\/p>\n","protected":false},"author":1,"featured_media":2244,"parent":0,"menu_order":0,"comment_status":"closed","ping_status":"closed","template":"","meta":{"iawp_total_views":2,"footnotes":""},"class_list":["post-2325","page","type-page","status-publish","has-post-thumbnail","hentry"],"_links":{"self":[{"href":"https:\/\/king-plus.com\/en\/wp-json\/wp\/v2\/pages\/2325","targetHints":{"allow":["GET"]}}],"collection":[{"href":"https:\/\/king-plus.com\/en\/wp-json\/wp\/v2\/pages"}],"about":[{"href":"https:\/\/king-plus.com\/en\/wp-json\/wp\/v2\/types\/page"}],"author":[{"embeddable":true,"href":"https:\/\/king-plus.com\/en\/wp-json\/wp\/v2\/users\/1"}],"replies":[{"embeddable":true,"href":"https:\/\/king-plus.com\/en\/wp-json\/wp\/v2\/comments?post=2325"}],"version-history":[{"count":0,"href":"https:\/\/king-plus.com\/en\/wp-json\/wp\/v2\/pages\/2325\/revisions"}],"wp:featuredmedia":[{"embeddable":true,"href":"https:\/\/king-plus.com\/en\/wp-json\/wp\/v2\/media\/2244"}],"wp:attachment":[{"href":"https:\/\/king-plus.com\/en\/wp-json\/wp\/v2\/media?parent=2325"}],"curies":[{"name":"wp","href":"https:\/\/api.w.org\/{rel}","templated":true}]}}